{"id":6,"date":"2019-10-02T13:00:02","date_gmt":"2019-10-02T11:00:02","guid":{"rendered":"http:\/\/mariusz-olesiejuk.pl\/?page_id=6"},"modified":"2019-10-02T21:52:51","modified_gmt":"2019-10-02T19:52:51","slug":"mesmerize","status":"publish","type":"page","link":"https:\/\/mariusz-olesiejuk.pl\/","title":{"rendered":"Front Page"},"content":{"rendered":"<p>Witam wszystkich.<\/p>\n<p>Strona powstaje ca\u0142kiem od nowa, na nowym i ta\u0144szym hostingu. Czas poka\u017ce jak to wszystko b\u0119dzie dzia\u0142a\u0107. Mam zamiar zabra\u0107 si\u0119 za stron\u0119 ca\u0142kiem od nowa \ud83d\ude00<\/p>\n","protected":false},"excerpt":{"rendered":"<p>Witam wszystkich. Strona powstaje ca\u0142kiem od nowa, na nowym i ta\u0144szym hostingu. Czas poka\u017ce jak to wszystko b\u0119dzie dzia\u0142a\u0107. Mam zamiar zabra\u0107 si\u0119 za stron\u0119 ca\u0142kiem od nowa \ud83d\ude00<\/p>\n","protected":false},"author":2,"featured_media":0,"parent":0,"menu_order":0,"comment_status":"closed","ping_status":"closed","template":"page-templates\/homepage.php","meta":{"ngg_post_thumbnail":0,"footnotes":""},"jetpack_sharing_enabled":true,"_links":{"self":[{"href":"https:\/\/mariusz-olesiejuk.pl\/index.php?rest_route=\/wp\/v2\/pages\/6"}],"collection":[{"href":"https:\/\/mariusz-olesiejuk.pl\/index.php?rest_route=\/wp\/v2\/pages"}],"about":[{"href":"https:\/\/mariusz-olesiejuk.pl\/index.php?rest_route=\/wp\/v2\/types\/page"}],"author":[{"embeddable":true,"href":"https:\/\/mariusz-olesiejuk.pl\/index.php?rest_route=\/wp\/v2\/users\/2"}],"replies":[{"embeddable":true,"href":"https:\/\/mariusz-olesiejuk.pl\/index.php?rest_route=%2Fwp%2Fv2%2Fcomments&post=6"}],"version-history":[{"count":3,"href":"https:\/\/mariusz-olesiejuk.pl\/index.php?rest_route=\/wp\/v2\/pages\/6\/revisions"}],"predecessor-version":[{"id":36,"href":"https:\/\/mariusz-olesiejuk.pl\/index.php?rest_route=\/wp\/v2\/pages\/6\/revisions\/36"}],"wp:attachment":[{"href":"https:\/\/mariusz-olesiejuk.pl\/index.php?rest_route=%2Fwp%2Fv2%2Fmedia&parent=6"}],"curies":[{"name":"wp","href":"https:\/\/api.w.org\/{rel}","templated":true}]}}